{"id":81,"date":"2025-12-09T07:20:00","date_gmt":"2025-12-09T07:20:00","guid":{"rendered":"https:\/\/ramifytech.com\/booking\/"},"modified":"2026-02-14T01:42:53","modified_gmt":"2026-02-14T06:42:53","slug":"booking","status":"publish","type":"page","link":"https:\/\/ramifytech.com\/fr\/booking\/","title":{"rendered":"R\u00e9servation"},"content":{"rendered":"<!--themify_builder_content-->\n<div id=\"themify_builder_content-81\" data-postid=\"81\" class=\"themify_builder_content themify_builder_content-81 themify_builder tf_clear\">\n                    <div  data-css_id=\"80r6292\" data-lazy=\"1\" class=\"module_row themify_builder_row fullwidth tb_80r6292 tb_first tf_w\">\n                        <div class=\"row_inner col_align_top tb_col_count_1 tf_box tf_rel\">\n                        <div  data-lazy=\"1\" class=\"module_column tb-column col-full tb_745b292 first\">\n                    <!-- module text -->\n<div  class=\"module module-text tb_40qs911\" data-lazy=\"1\">\n        <div  class=\"tb_text_wrap\">\n        <h2 style=\"text-align: center;\"><b>R\u00e9server une conversation<\/b><\/h2>\n<p class=\"p3\" style=\"text-align: center;\"><b>Une conversation cibl\u00e9e pour clarifier votre prochaine \u00e9tape.<\/b><b><\/b><\/p>\n<p class=\"p4\" style=\"text-align: center;\">Il ne s'agit pas d'une visite de vente. Il s'agit d'une s\u00e9ance de travail visant \u00e0 comprendre ce qui fait obstacle et \u00e0 d\u00e9terminer si nous sommes le bon partenaire pour vous aider.<\/p>    <\/div>\n<\/div>\n<!-- \/module text -->        <\/div>\n                        <\/div>\n        <\/div>\n                        <div  data-css_id=\"ctsq883\" data-lazy=\"1\" class=\"module_row themify_builder_row fullwidth tb_ctsq883 tf_w\">\n                        <div class=\"row_inner col_align_top tb_col_count_1 tf_box tf_rel\">\n                        <div  data-lazy=\"1\" class=\"module_column tb-column col-full tb_so8a883 first\">\n                            <div  data-lazy=\"1\" class=\"module_subrow themify_builder_sub_row tf_w col_align_top tb_col_count_1 tb_emzj587\">\n                <div  data-lazy=\"1\" class=\"module_column sub_column col-full tb_w1sm587 first\">\n                    <!-- module plain text -->\n<div  class=\"module module-plain-text tb_j71y673\" data-lazy=\"1\">\n        <div class=\"tb_text_wrap\">\n    <div id=\"sbw_z0hg2i_calendar\"><\/div><script type=\"text\/javascript\">function instantiateSimplyBookWidget() {    new SimplybookWidget({        \"widget_type\": \"iframe\",        \"url\": \"https:\/\/rsp5339624142.simplybook.me\",        \"theme\": \"blur\",        \"theme_settings\": {\"timeline_show_end_time\":false,\"timeline_hide_unavailable\":true,\"hide_past_days\":false,\"hide_img_mode\":false,\"show_sidebar\":true,\"timeline_modern_display\":\"as_slots\",\"display_item_mode\":\"block\",\"sb_base_color\":\"#0d596a\",\"booking_nav_bg_color\":\"#0d596a\",\"body_bg_color\":\"#dae5e8\",\"dark_font_color\":\"#494949\",\"light_font_color\":\"#fff\",\"btn_color_1\":\"#0d596a\",\"sb_company_label_color\":\"#372515\",\"sb_busy\":\"#000000\",\"sb_available\":\"#dae5e8\",\"sb_review_image\":\"\",\"hide_company_label\":false,\"link_color\":\"#32373c\"},        \"timeline\": \"modern\",        \"datepicker\": \"top_calendar\",        \"is_rtl\": \"\",        \"app_config\": {            \"clear_session\": \"\",            \"allow_switch_to_ada\": \"\",            \"predefined\": [],        },        \"container_id\": \"sbw_z0hg2i_calendar\"    });}document.addEventListener(\"DOMContentLoaded\", instantiateSimplyBookWidget);document.addEventListener(\"loadSimplyBookPreviewWidget\", instantiateSimplyBookWidget);<\/script>    <\/div>\n<\/div>\n<!-- \/module plain text -->        <\/div>\n                    <\/div>\n                <\/div>\n                        <\/div>\n        <\/div>\n        <\/div>\n<!--\/themify_builder_content-->","protected":false},"excerpt":{"rendered":"<p>Book a Conversation A focused conversation to bring clarity to your next step. This is not a sales call. It\u2019s a working session to understand what\u2019s getting in the way and whether we\u2019re the right partner to help.<\/p>","protected":false},"author":1,"featured_media":0,"parent":0,"menu_order":0,"comment_status":"closed","ping_status":"closed","template":"","meta":{"footnotes":""},"class_list":["post-81","page","type-page","status-publish","hentry","has-post-title","has-post-date","has-post-category","has-post-tag","has-post-comment","has-post-author",""],"aioseo_notices":[],"builder_content":"<h2 style=\"text-align: center;\"><b>Book a Conversation<\/b><\/h2> <p style=\"text-align: center;\"><b>A focused conversation to bring clarity to your next step.<\/b><b><\/b><\/p> <p style=\"text-align: center;\">This is not a sales call. It\u2019s a working session to understand what\u2019s getting in the way and whether we\u2019re the right partner to help.<\/p>\n[simplybook_widget]","_links":{"self":[{"href":"https:\/\/ramifytech.com\/fr\/wp-json\/wp\/v2\/pages\/81","targetHints":{"allow":["GET"]}}],"collection":[{"href":"https:\/\/ramifytech.com\/fr\/wp-json\/wp\/v2\/pages"}],"about":[{"href":"https:\/\/ramifytech.com\/fr\/wp-json\/wp\/v2\/types\/page"}],"author":[{"embeddable":true,"href":"https:\/\/ramifytech.com\/fr\/wp-json\/wp\/v2\/users\/1"}],"replies":[{"embeddable":true,"href":"https:\/\/ramifytech.com\/fr\/wp-json\/wp\/v2\/comments?post=81"}],"version-history":[{"count":34,"href":"https:\/\/ramifytech.com\/fr\/wp-json\/wp\/v2\/pages\/81\/revisions"}],"predecessor-version":[{"id":798,"href":"https:\/\/ramifytech.com\/fr\/wp-json\/wp\/v2\/pages\/81\/revisions\/798"}],"wp:attachment":[{"href":"https:\/\/ramifytech.com\/fr\/wp-json\/wp\/v2\/media?parent=81"}],"curies":[{"name":"wp","href":"https:\/\/api.w.org\/{rel}","templated":true}]}}